{"id":464,"date":"2024-01-02T15:47:56","date_gmt":"2024-01-02T15:47:56","guid":{"rendered":"https:\/\/branding-science.com\/?page_id=464"},"modified":"2024-02-15T13:16:02","modified_gmt":"2024-02-15T13:16:02","slug":"carrieres-philippines","status":"publish","type":"page","link":"https:\/\/branding-science.com\/fr\/carrieres-philippines\/","title":{"rendered":"Postes vacants - Philippines"},"content":{"rendered":"<p>[et_pb_section fb_built=&#8221;1&#8243; custom_padding_last_edited=&#8221;on|phone&#8221; _builder_version=&#8221;4.23.1&#8243; _module_preset=&#8221;default&#8221; background_image=&#8221;https:\/\/branding-science.com\/wp-content\/uploads\/2024\/01\/Philippines-v2.svg&#8221; background_position=&#8221;bottom_center&#8221; custom_margin=&#8221;||||false|false&#8221; custom_padding=&#8221;100px||0px||false|false&#8221; custom_padding_tablet=&#8221;100px||0px||false|false&#8221; custom_padding_phone=&#8221;75px||0px||false|false&#8221; background_color_tablet=&#8221;gcid-9038a7f3-ee3f-4d61-9801-7c1fd865d42b&#8221; background_color_phone=&#8221;#deebf1&#8243; background_last_edited=&#8221;on|desktop&#8221; background_enable_color_tablet=&#8221;on&#8221; background_enable_color_phone=&#8221;on&#8221; background_image_tablet=&#8221;https:\/\/branding-science.com\/wp-content\/uploads\/2024\/01\/Philippines-v2.svg&#8221; background_enable_image_tablet=&#8221;on&#8221; background_enable_image_phone=&#8221;off&#8221; background_size_phone=&#8221;custom&#8221; background_image_width_phone=&#8221;100%&#8221; background_position_phone=&#8221;bottom_center&#8221; global_colors_info=&#8221;{%22gcid-9038a7f3-ee3f-4d61-9801-7c1fd865d42b%22:%91%22background_color%22%93}&#8221;][et_pb_row custom_padding_last_edited=&#8221;on|phone&#8221; _builder_version=&#8221;4.23.1&#8243; _module_preset=&#8221;default&#8221; custom_margin=&#8221;0px||||false|false&#8221; custom_padding=&#8221;0px||75px||false|false&#8221; custom_padding_tablet=&#8221;0px||75px||false|false&#8221; custom_padding_phone=&#8221;0px||25px||false|false&#8221; global_colors_info=&#8221;{}&#8221;][et_pb_column type=&#8221;4_4&#8243; _builder_version=&#8221;4.23.1&#8243; _module_preset=&#8221;default&#8221; global_colors_info=&#8221;{}&#8221;][et_pb_text _builder_version=&#8221;4.23.1&#8243; _module_preset=&#8221;default&#8221; header_font_size=&#8221;55px&#8221; header_line_height=&#8221;1.2em&#8221; header_2_text_color=&#8221;#3d86ae&#8221; custom_margin=&#8221;0px||0px||false|false&#8221; custom_padding=&#8221;0px||0px||false|false&#8221; header_font_size_tablet=&#8221;55px&#8221; header_font_size_phone=&#8221;45px&#8221; header_font_size_last_edited=&#8221;on|tablet&#8221; global_colors_info=&#8221;{}&#8221;]<\/p>\n<h1 style=\"text-align: center;\">Current Vacancies<\/h1>\n<p>[\/et_pb_text][et_pb_divider color=&#8221;#edb22e&#8221; divider_weight=&#8221;2px&#8221; _builder_version=&#8221;4.23.1&#8243; _module_preset=&#8221;default&#8221; max_width=&#8221;70%&#8221; module_alignment=&#8221;center&#8221; custom_margin=&#8221;10px||10px||false|false&#8221; global_colors_info=&#8221;{}&#8221;][\/et_pb_divider][\/et_pb_column][\/et_pb_row][et_pb_row disabled_on=&#8221;off|off|off&#8221; _builder_version=&#8221;4.23.1&#8243; _module_preset=&#8221;default&#8221; background_color=&#8221;#FFFFFF&#8221; custom_margin=&#8221;||0px||false|false&#8221; custom_padding=&#8221;50px|50px|0px|50px|false|true&#8221; border_radii=&#8221;off|20px|20px||&#8221; global_colors_info=&#8221;{}&#8221;][et_pb_column type=&#8221;4_4&#8243; _builder_version=&#8221;4.23.1&#8243; _module_preset=&#8221;default&#8221; global_colors_info=&#8221;{}&#8221;][et_pb_text _builder_version=&#8221;4.23.1&#8243; _module_preset=&#8221;default&#8221; header_2_font=&#8221;Roboto Condensed|700|||||||&#8221; header_2_text_color=&#8221;#3d86ae&#8221; header_2_font_size=&#8221;32px&#8221; header_2_line_height=&#8221;1.2em&#8221; max_width=&#8221;70%&#8221; max_width_tablet=&#8221;85%&#8221; max_width_phone=&#8221;100%&#8221; max_width_last_edited=&#8221;on|desktop&#8221; module_alignment=&#8221;center&#8221; custom_margin=&#8221;0px||0px||false|false&#8221; custom_padding=&#8221;0px||0px||false|false&#8221; global_colors_info=&#8221;{}&#8221;]<\/p>\n<h2 style=\"text-align: center;\">Philippines<\/h2>\n<p>[\/et_pb_text][et_pb_divider color=&#8221;#edb22e&#8221; divider_weight=&#8221;2px&#8221; _builder_version=&#8221;4.23.1&#8243; _module_preset=&#8221;default&#8221; max_width=&#8221;70%&#8221; module_alignment=&#8221;center&#8221; custom_margin=&#8221;10px||10px||false|false&#8221; global_colors_info=&#8221;{}&#8221;][\/et_pb_divider][et_pb_text _builder_version=&#8221;4.23.1&#8243; _module_preset=&#8221;default&#8221; header_2_font=&#8221;Roboto Condensed|300|||||||&#8221; header_2_font_size=&#8221;23px&#8221; header_2_line_height=&#8221;1.2em&#8221; max_width=&#8221;70%&#8221; max_width_tablet=&#8221;85%&#8221; max_width_phone=&#8221;100%&#8221; max_width_last_edited=&#8221;on|desktop&#8221; module_alignment=&#8221;center&#8221; custom_margin=&#8221;0px||0px||false|false&#8221; custom_padding=&#8221;0px||0px||false|false&#8221; global_colors_info=&#8221;{}&#8221;]<\/p>\n<h2 style=\"text-align: center;\"><span>Quisque sagittis nibh nec tellus laoreet mattis. In porttitor sapien vitae eros suscipit pellentesque. Nulla id leo molestie, tempus nisi quis, consequat ex.<\/span><\/h2>\n<p>[\/et_pb_text][et_pb_accordion open_toggle_text_color=&#8221;#FFFFFF&#8221; open_toggle_background_color=&#8221;#3d86ae&#8221; closed_toggle_background_color=&#8221;#3d86ae&#8221; toggle_icon=&#8221;&#x33;||divi||400&#8243; icon_color=&#8221;#FFFFFF&#8221; use_icon_font_size=&#8221;on&#8221; icon_font_size=&#8221;30px&#8221; module_class=&#8221;my_accordion&#8221; _builder_version=&#8221;4.23.1&#8243; _module_preset=&#8221;default&#8221; toggle_text_color=&#8221;#FFFFFF&#8221; toggle_font=&#8221;|700|||||||&#8221; toggle_font_size=&#8221;25px&#8221; closed_toggle_font=&#8221;|700|||||||&#8221; closed_toggle_font_size=&#8221;25px&#8221; body_font=&#8221;|300|||||||&#8221; body_text_color=&#8221;#FFFFFF&#8221; background_color=&#8221;RGBA(255,255,255,0)&#8221; text_orientation=&#8221;left&#8221; width=&#8221;80%&#8221; max_width=&#8221;100%&#8221; module_alignment=&#8221;center&#8221; custom_margin=&#8221;50px||100px||false|false&#8221; custom_padding=&#8221;||||false|false&#8221; hover_enabled=&#8221;0&#8243; border_radii=&#8221;on|20px|20px|20px|20px&#8221; border_width_all=&#8221;0px&#8221; global_colors_info=&#8221;{}&#8221; sticky_enabled=&#8221;0&#8243;][et_pb_accordion_item title=&#8221;Research executive &#8211; Makati City, Manila, Philippines&#8221; open=&#8221;on&#8221; icon_color=&#8221;#FFFFFF&#8221; toggle_icon=&#8221;&#x33;||divi||400&#8243; _builder_version=&#8221;4.23.1&#8243; _module_preset=&#8221;default&#8221; custom_margin=&#8221;||||false|false&#8221; custom_padding=&#8221;||||false|false&#8221; global_colors_info=&#8221;{}&#8221;]<\/p>\n<p><span>Are you a passionate and patient-focused market researcher? At Branding Science Research, we love to find solutions to our client&#8217;s problems. We specialise in primary market research for the pharma sector, and we have been a global leader in this industry for over 20 years.<\/span><\/p>\n<p><span><b>What does the Research Executive role look like?<\/b><\/span><br \/><span>You will participate in research projects with an increase in responsibility as you gain more experience. You will attend project kick-off meetings, participate in client calls, you will liaise with fieldwork services teams and contribute to the smooth running of project work.<\/span><\/p>\n<p><span>Other duties will involve:<\/span><\/p>\n<ul>\n<li><span>Have some\u00a0understanding of the different research methods and approaches in meeting a variety of business needs, and how to apply them across the research process.<\/span><\/li>\n<li><span>Create and gather relevant project\u00a0paperwork to assist with fieldwork, interviewing, data review and presentation creation.<\/span><\/li>\n<li><span>Build and develop group moderating skills, including probing techniques, and use a range of exploratory and projective techniques.<\/span><\/li>\n<\/ul>\n<p><span><b>Essential skills\/experience<\/b><\/span><\/p>\n<ul>\n<li><span>Some experience in a market research role, ideally in the pharma space<\/span><\/li>\n<li><span>Experience in managing multiple projects and deadlines.<\/span><\/li>\n<li><span>High levels of proficiency in Microsoft Office, particularly Word, PowerPoint and Excel.<\/span><\/li>\n<li><span>Willing and able to travel domestically and internationally as required.<\/span><\/li>\n<\/ul>\n<p><span><b>About Branding Science<\/b><\/span><br \/><span><span lang=\"en-us\">Branding Science is a global specialist healthcare market research and consultancy firm. We are a global company with headquarters in London and offices in Plainsboro, San Francisco, Boston, the Philippines and Germany.<\/span><\/span><\/p>\n<p><span><span lang=\"en-us\">We help clients maximize their company or molecule&#8217;s potential. We\u2019re steeped in the science of behaviour. This enables us to gain rational and emotional insights that shape effective strategies. By putting the patient at the centre of our thinking, we help clients create compelling brand stories.<\/span><\/span><\/p>\n<p><span><b>Join our growing team, apply now!<\/b><\/span><\/p>\n<p><a class=\"et_pb_button et_pb_button_0 et_pb_bg_layout_dark\" href=\"https:\/\/brandingsciencegroup.applytojob.com\/apply\/Z6WPYR0cIo\/Research-Executive?source=Our%20Career%20Page%20Widget\">Apply now<\/a><\/p>\n<p>[\/et_pb_accordion_item][et_pb_accordion_item title=&#8221;Qualitative Market Research Manager &#8211; Manila, Philippines&#8221; icon_color=&#8221;#FFFFFF&#8221; toggle_icon=&#8221;&#x33;||divi||400&#8243; _builder_version=&#8221;4.23.1&#8243; _module_preset=&#8221;default&#8221; custom_margin=&#8221;||||false|false&#8221; custom_padding=&#8221;||||false|false&#8221; global_colors_info=&#8221;{}&#8221; open=&#8221;off&#8221;]<\/p>\n<p style=\"font-weight: 400;\">Branding Science is a global speciality healthcare market research and consultancy firm.\u00a0We help clients maximize their company or molecule&#8217;s potential. We\u2019re steeped in the science of behaviour. This enables us to gain rational and emotional insights that shape effective strategies. By putting the patient at the centre\u00a0of our thinking, we help clients create compelling brand stories.<\/p>\n<p style=\"font-weight: 400;\"><b><strong>The role<\/strong><\/b><\/p>\n<p style=\"font-weight: 400;\">The Research Manager joining Branding Science will work as part of a team on live primary market research projects. The successful candidate must demonstrate the ability to lead projects, have excellent commercial acumen, and client management and be able to contribute to and work in a collaborative team environment.<\/p>\n<p style=\"font-weight: 400;\">Experience working with pharma clients and on pharma projects is essential.<\/p>\n<p style=\"font-weight: 400;\">The candidate will work closely with the US and EU teams so you will need to commit to working from 3 pm to 12 am local time.<\/p>\n<p style=\"font-weight: 400;\"><b><strong>Required skills:<\/strong><\/b><\/p>\n<ul style=\"font-weight: 400;\">\n<li>A strong educational background (a Bachelors degree is desirable).<\/li>\n<li>4-6+ years\u2019 experience in a market research agency.<\/li>\n<li>Experience working on healthcare or pharmaceutical projects.<\/li>\n<li>Strong moderation skills in a qualitative research setting.<\/li>\n<li>A desire to work in a client-focused, commercial environment.<\/li>\n<li>Enthusiasm and a desire to meet and exceed goals.<\/li>\n<li>A commitment to producing high-quality work.<\/li>\n<li>A proactive approach to work.<\/li>\n<li>High level of proficiency with Microsoft Office, especially Word and PowerPoint.<\/li>\n<\/ul>\n<p style=\"font-weight: 400;\"><b><strong>Why join Branding Science?<\/strong><\/b><\/p>\n<ul style=\"font-weight: 400;\">\n<li>Work from home schedule.<\/li>\n<li>Uplifting culture that is supportive of its employees.<\/li>\n<li>Gain personal fulfilment from living our noble purpose to build better futures for our clients, their patients and our community.<\/li>\n<li>Accessible and transparent leadership.<\/li>\n<li>Proactive workload\/resourcing management.<\/li>\n<\/ul>\n<p><span><b>Join our growing team, apply now!<\/b><\/span><\/p>\n<p><a class=\"et_pb_button et_pb_button_0 et_pb_bg_layout_dark\" href=\"https:\/\/brandingsciencegroup.applytojob.com\/apply\/Eyri4IpapB\/Qualitative-Market-Research-Manager?source=Our%20Career%20Page%20Widget\">Apply now<\/a>[\/et_pb_accordion_item][\/et_pb_accordion][\/et_pb_column][\/et_pb_row][\/et_pb_section][et_pb_section fb_built=&#8221;1&#8243; _builder_version=&#8221;4.23.1&#8243; _module_preset=&#8221;default&#8221; hover_enabled=&#8221;0&#8243; global_colors_info=&#8221;{}&#8221; disabled_on=&#8221;on|on|on&#8221; disabled=&#8221;on&#8221; sticky_enabled=&#8221;0&#8243;][et_pb_row disabled_on=&#8221;on|on|on&#8221; _builder_version=&#8221;4.23.1&#8243; _module_preset=&#8221;default&#8221; disabled=&#8221;on&#8221; global_colors_info=&#8221;{}&#8221;][et_pb_column type=&#8221;4_4&#8243; _builder_version=&#8221;4.23.1&#8243; _module_preset=&#8221;default&#8221; global_colors_info=&#8221;{}&#8221;][et_pb_button button_url=&#8221;https:\/\/brandingsciencegroup.applytojob.com\/apply\/Z6WPYR0cIo\/Research-Executive?source=Our%20Career%20Page%20Widget&#8221; button_text=&#8221;Apply now&#8221; _builder_version=&#8221;4.23.1&#8243; _module_preset=&#8221;default&#8221; custom_button=&#8221;on&#8221; button_bg_color=&#8221;#edb22e&#8221; button_border_width=&#8221;0px&#8221; button_border_radius=&#8221;12px&#8221; background_layout=&#8221;dark&#8221; locked=&#8221;off&#8221; global_colors_info=&#8221;{}&#8221;][\/et_pb_button][\/et_pb_column][\/et_pb_row][\/et_pb_section]<\/p>\n","protected":false},"excerpt":{"rendered":"<p>Current VacanciesPhilippinesQuisque sagittis nibh nec tellus laoreet mattis. In porttitor sapien vitae eros suscipit pellentesque. Nulla id leo molestie, tempus nisi quis, consequat ex.Are you a passionate and patient-focused market researcher? At Branding Science Research, we love to find solutions to our client&#8217;s problems. We specialise in primary market research for the pharma sector, and [&hellip;]<\/p>\n","protected":false},"author":1,"featured_media":0,"parent":0,"menu_order":0,"comment_status":"closed","ping_status":"closed","template":"","meta":{"_et_pb_use_builder":"on","_et_pb_old_content":"","_et_gb_content_width":"","footnotes":""},"class_list":["post-464","page","type-page","status-publish","hentry"],"yoast_head":"<!-- This site is optimized with the Yoast SEO plugin v27.3 - https:\/\/yoast.com\/product\/yoast-seo-wordpress\/ -->\n<title>Vacancies - Philippines - Branding Science<\/title>\n<meta name=\"description\" content=\"Behind the success of Branding Science is a dedicated and passionate team of experts, each with a unique blend of skills and experiences.\" \/>\n<meta name=\"robots\" content=\"index, follow, max-snippet:-1, max-image-preview:large, max-video-preview:-1\" \/>\n<link rel=\"canonical\" href=\"https:\/\/branding-science.com\/fr\/carrieres-philippines\/\" \/>\n<meta property=\"og:locale\" content=\"fr_FR\" \/>\n<meta property=\"og:type\" content=\"article\" \/>\n<meta property=\"og:title\" content=\"Vacancies - Philippines - Branding Science\" \/>\n<meta property=\"og:description\" content=\"Behind the success of Branding Science is a dedicated and passionate team of experts, each with a unique blend of skills and experiences.\" \/>\n<meta property=\"og:url\" content=\"https:\/\/branding-science.com\/fr\/carrieres-philippines\/\" \/>\n<meta property=\"og:site_name\" content=\"Branding Science\" \/>\n<meta property=\"article:modified_time\" content=\"2024-02-15T13:16:02+00:00\" \/>\n<meta name=\"twitter:card\" content=\"summary_large_image\" \/>\n<meta name=\"twitter:label1\" content=\"Est. reading time\" \/>\n\t<meta name=\"twitter:data1\" content=\"1 minute\" \/>\n<script type=\"application\/ld+json\" class=\"yoast-schema-graph\">{\"@context\":\"https:\\\/\\\/schema.org\",\"@graph\":[{\"@type\":\"WebPage\",\"@id\":\"https:\\\/\\\/branding-science.com\\\/careers-philippines\\\/\",\"url\":\"https:\\\/\\\/branding-science.com\\\/careers-philippines\\\/\",\"name\":\"Vacancies - Philippines - Branding Science\",\"isPartOf\":{\"@id\":\"https:\\\/\\\/branding-science.com\\\/#website\"},\"datePublished\":\"2024-01-02T15:47:56+00:00\",\"dateModified\":\"2024-02-15T13:16:02+00:00\",\"description\":\"Behind the success of Branding Science is a dedicated and passionate team of experts, each with a unique blend of skills and experiences.\",\"breadcrumb\":{\"@id\":\"https:\\\/\\\/branding-science.com\\\/careers-philippines\\\/#breadcrumb\"},\"inLanguage\":\"fr-FR\",\"potentialAction\":[{\"@type\":\"ReadAction\",\"target\":[\"https:\\\/\\\/branding-science.com\\\/careers-philippines\\\/\"]}]},{\"@type\":\"BreadcrumbList\",\"@id\":\"https:\\\/\\\/branding-science.com\\\/careers-philippines\\\/#breadcrumb\",\"itemListElement\":[{\"@type\":\"ListItem\",\"position\":1,\"name\":\"Home\",\"item\":\"https:\\\/\\\/branding-science.com\\\/\"},{\"@type\":\"ListItem\",\"position\":2,\"name\":\"Vacancies &#8211; Philippines\"}]},{\"@type\":\"WebSite\",\"@id\":\"https:\\\/\\\/branding-science.com\\\/#website\",\"url\":\"https:\\\/\\\/branding-science.com\\\/\",\"name\":\"Branding Science\",\"description\":\"Your SUPER-powered WP Engine Site\",\"potentialAction\":[{\"@type\":\"SearchAction\",\"target\":{\"@type\":\"EntryPoint\",\"urlTemplate\":\"https:\\\/\\\/branding-science.com\\\/?s={search_term_string}\"},\"query-input\":{\"@type\":\"PropertyValueSpecification\",\"valueRequired\":true,\"valueName\":\"search_term_string\"}}],\"inLanguage\":\"fr-FR\"}]}<\/script>\n<!-- \/ Yoast SEO plugin. -->","yoast_head_json":{"title":"Postes vacants - Philippines - Branding Science","description":"Le succ\u00e8s de Branding Science repose sur une \u00e9quipe d'experts d\u00e9vou\u00e9s et passionn\u00e9s, chacun poss\u00e9dant un m\u00e9lange unique de comp\u00e9tences et d'exp\u00e9riences.","robots":{"index":"index","follow":"follow","max-snippet":"max-snippet:-1","max-image-preview":"max-image-preview:large","max-video-preview":"max-video-preview:-1"},"canonical":"https:\/\/branding-science.com\/fr\/carrieres-philippines\/","og_locale":"fr_FR","og_type":"article","og_title":"Vacancies - Philippines - Branding Science","og_description":"Behind the success of Branding Science is a dedicated and passionate team of experts, each with a unique blend of skills and experiences.","og_url":"https:\/\/branding-science.com\/fr\/carrieres-philippines\/","og_site_name":"Branding Science","article_modified_time":"2024-02-15T13:16:02+00:00","twitter_card":"summary_large_image","twitter_misc":{"Est. reading time":"1 minute"},"schema":{"@context":"https:\/\/schema.org","@graph":[{"@type":"WebPage","@id":"https:\/\/branding-science.com\/careers-philippines\/","url":"https:\/\/branding-science.com\/careers-philippines\/","name":"Postes vacants - Philippines - Branding Science","isPartOf":{"@id":"https:\/\/branding-science.com\/#website"},"datePublished":"2024-01-02T15:47:56+00:00","dateModified":"2024-02-15T13:16:02+00:00","description":"Le succ\u00e8s de Branding Science repose sur une \u00e9quipe d'experts d\u00e9vou\u00e9s et passionn\u00e9s, chacun poss\u00e9dant un m\u00e9lange unique de comp\u00e9tences et d'exp\u00e9riences.","breadcrumb":{"@id":"https:\/\/branding-science.com\/careers-philippines\/#breadcrumb"},"inLanguage":"fr-FR","potentialAction":[{"@type":"ReadAction","target":["https:\/\/branding-science.com\/careers-philippines\/"]}]},{"@type":"BreadcrumbList","@id":"https:\/\/branding-science.com\/careers-philippines\/#breadcrumb","itemListElement":[{"@type":"ListItem","position":1,"name":"Home","item":"https:\/\/branding-science.com\/"},{"@type":"ListItem","position":2,"name":"Vacancies &#8211; Philippines"}]},{"@type":"WebSite","@id":"https:\/\/branding-science.com\/#website","url":"https:\/\/branding-science.com\/","name":"Science de l'image de marque","description":"Votre site WP Engine SUPER-puissant","potentialAction":[{"@type":"SearchAction","target":{"@type":"EntryPoint","urlTemplate":"https:\/\/branding-science.com\/?s={search_term_string}"},"query-input":{"@type":"PropertyValueSpecification","valueRequired":true,"valueName":"search_term_string"}}],"inLanguage":"fr-FR"}]}},"_links":{"self":[{"href":"https:\/\/branding-science.com\/fr\/wp-json\/wp\/v2\/pages\/464","targetHints":{"allow":["GET"]}}],"collection":[{"href":"https:\/\/branding-science.com\/fr\/wp-json\/wp\/v2\/pages"}],"about":[{"href":"https:\/\/branding-science.com\/fr\/wp-json\/wp\/v2\/types\/page"}],"author":[{"embeddable":true,"href":"https:\/\/branding-science.com\/fr\/wp-json\/wp\/v2\/users\/1"}],"replies":[{"embeddable":true,"href":"https:\/\/branding-science.com\/fr\/wp-json\/wp\/v2\/comments?post=464"}],"version-history":[{"count":10,"href":"https:\/\/branding-science.com\/fr\/wp-json\/wp\/v2\/pages\/464\/revisions"}],"predecessor-version":[{"id":987510177,"href":"https:\/\/branding-science.com\/fr\/wp-json\/wp\/v2\/pages\/464\/revisions\/987510177"}],"wp:attachment":[{"href":"https:\/\/branding-science.com\/fr\/wp-json\/wp\/v2\/media?parent=464"}],"curies":[{"name":"wp","href":"https:\/\/api.w.org\/{rel}","templated":true}]}}