{"id":987509742,"date":"2024-01-19T14:53:42","date_gmt":"2024-01-19T14:53:42","guid":{"rendered":"https:\/\/branding-science.com\/?page_id=987509742"},"modified":"2024-01-22T14:58:53","modified_gmt":"2024-01-22T14:58:53","slug":"etude-de-cas-decouvrir-le-paysage-des-ild","status":"publish","type":"page","link":"https:\/\/branding-science.com\/fr\/etude-de-cas-decouvrir-le-paysage-des-ild\/","title":{"rendered":"\u00e9tude de cas D\u00e9couvrir le paysage des DPID"},"content":{"rendered":"<p>[et_pb_section fb_built=&#8221;1&#8243; custom_padding_last_edited=&#8221;on|phone&#8221; _builder_version=&#8221;4.23.1&#8243; _module_preset=&#8221;default&#8221; background_color=&#8221;#bdd5e4&#8243; background_image=&#8221;https:\/\/branding-science.com\/wp-content\/uploads\/2024\/01\/ILD-lanscape-banner.png&#8221; background_size=&#8221;custom&#8221; background_image_height=&#8221;55%&#8221; background_position=&#8221;center_right&#8221; custom_margin=&#8221;||||false|false&#8221; custom_padding=&#8221;135px||135px||true|false&#8221; custom_padding_tablet=&#8221;100px||50px||false|false&#8221; custom_padding_phone=&#8221;75px||0px||false|false&#8221; background_color_phone=&#8221;#deebf1&#8243; background_last_edited=&#8221;on|tablet&#8221; background_enable_color_phone=&#8221;on&#8221; background_enable_image_tablet=&#8221;off&#8221; background_enable_image_phone=&#8221;off&#8221; background_size_tablet=&#8221;custom&#8221; background_size_phone=&#8221;initial&#8221; background_image_width_phone=&#8221;100%&#8221; background_image_height_tablet=&#8221;39%&#8221; background_position_tablet=&#8221;bottom_right&#8221; background_position_phone=&#8221;bottom_center&#8221; locked=&#8221;off&#8221; global_colors_info=&#8221;{}&#8221;][et_pb_row column_structure=&#8221;3_5,2_5&#8243; make_equal=&#8221;on&#8221; custom_padding_last_edited=&#8221;on|tablet&#8221; _builder_version=&#8221;4.23.1&#8243; _module_preset=&#8221;default&#8221; custom_margin=&#8221;0px||||false|false&#8221; custom_padding=&#8221;0px||0px||false|false&#8221; custom_padding_tablet=&#8221;0px||0px||false|false&#8221; custom_padding_phone=&#8221;0px||0px||false|false&#8221; global_colors_info=&#8221;{}&#8221;][et_pb_column type=&#8221;3_5&#8243; _builder_version=&#8221;4.23.1&#8243; _module_preset=&#8221;default&#8221; custom_padding=&#8221;|80px|||false|false&#8221; custom_padding_tablet=&#8221;|100px|||false|false&#8221; custom_padding_phone=&#8221;|0px|||false|false&#8221; custom_padding_last_edited=&#8221;on|phone&#8221; global_colors_info=&#8221;{}&#8221;][et_pb_text _builder_version=&#8221;4.23.1&#8243; _module_preset=&#8221;default&#8221; text_font=&#8221;Roboto|300|||||||&#8221; custom_margin=&#8221;10px||0px||false|false&#8221; custom_padding=&#8221;||0px||false|false&#8221; global_colors_info=&#8221;{}&#8221;]<\/p>\n<p>Case study &#8211; Patient journey<\/p>\n<p>[\/et_pb_text][et_pb_text _builder_version=&#8221;4.23.1&#8243; _module_preset=&#8221;default&#8221; header_font_size=&#8221;55px&#8221; header_line_height=&#8221;1.2em&#8221; custom_margin=&#8221;30px||0px||false|false&#8221; custom_padding=&#8221;||0px||false|false&#8221; header_font_size_tablet=&#8221;55px&#8221; header_font_size_phone=&#8221;45px&#8221; header_font_size_last_edited=&#8221;on|phone&#8221; global_colors_info=&#8221;{}&#8221;]<\/p>\n<h1><strong>UNCOVERING THE ILD LANDSCAPE<\/strong><\/h1>\n<p>[\/et_pb_text][et_pb_divider color=&#8221;#edb22e&#8221; divider_weight=&#8221;3px&#8221; _builder_version=&#8221;4.23.1&#8243; _module_preset=&#8221;default&#8221; custom_margin=&#8221;30px||30px||false|false&#8221; custom_padding=&#8221;||0px||false|false&#8221; global_colors_info=&#8221;{}&#8221;][\/et_pb_divider][et_pb_button button_url=&#8221;@ET-DC@eyJkeW5hbWljIjp0cnVlLCJjb250ZW50IjoicG9zdF9saW5rX3VybF9wYWdlIiwic2V0dGluZ3MiOnsicG9zdF9pZCI6IjE0MiJ9fQ==@&#8221; button_text=&#8221;Read more&#8221; _builder_version=&#8221;4.23.1&#8243; _dynamic_attributes=&#8221;button_url&#8221; _module_preset=&#8221;default&#8221; custom_button=&#8221;on&#8221; button_bg_color=&#8221;gcid-61670f6f-3003-4c14-9a0d-4015191426cd&#8221; button_border_width=&#8221;0px&#8221; button_border_radius=&#8221;12px&#8221; background_layout=&#8221;dark&#8221; locked=&#8221;off&#8221; global_colors_info=&#8221;{%22gcid-61670f6f-3003-4c14-9a0d-4015191426cd%22:%91%22button_bg_color%22%93}&#8221;][\/et_pb_button][\/et_pb_column][et_pb_column type=&#8221;2_5&#8243; module_class=&#8221;vertical-align&#8221; _builder_version=&#8221;4.23.1&#8243; _module_preset=&#8221;default&#8221; global_colors_info=&#8221;{}&#8221;][\/et_pb_column][\/et_pb_row][\/et_pb_section][et_pb_section fb_built=&#8221;1&#8243; custom_padding_last_edited=&#8221;on|phone&#8221; _builder_version=&#8221;4.23.1&#8243; _module_preset=&#8221;default&#8221; background_color=&#8221;rgba(237,178,46,0.15)&#8221; background_enable_image=&#8221;off&#8221; background_size=&#8221;custom&#8221; background_image_width=&#8221;32%&#8221; background_position=&#8221;center_left&#8221; custom_padding=&#8221;100px||30px||false|false&#8221; custom_padding_tablet=&#8221;100px||70px||false|false&#8221; custom_padding_phone=&#8221;75px||75px||false|false&#8221; bottom_divider_style_tablet=&#8221;curve&#8221; bottom_divider_style_phone=&#8221;curve&#8221; bottom_divider_style_last_edited=&#8221;on|tablet&#8221; bottom_divider_height_tablet=&#8221;35px&#8221; bottom_divider_height_phone=&#8221;35px&#8221; bottom_divider_height_last_edited=&#8221;on|tablet&#8221; background_last_edited=&#8221;on|desktop&#8221; background_enable_image_tablet=&#8221;off&#8221; global_colors_info=&#8221;{}&#8221;][et_pb_row _builder_version=&#8221;4.23.1&#8243; _module_preset=&#8221;default&#8221; custom_margin=&#8221;||0px||false|false&#8221; custom_padding=&#8221;0px||0px||false|false&#8221; global_colors_info=&#8221;{}&#8221;][et_pb_column type=&#8221;4_4&#8243; module_class=&#8221;vertical-align&#8221; _builder_version=&#8221;4.23.1&#8243; _module_preset=&#8221;default&#8221; global_colors_info=&#8221;{}&#8221;][et_pb_text _builder_version=&#8221;4.23.1&#8243; _module_preset=&#8221;default&#8221; text_font=&#8221;Roboto|300|||||||&#8221; header_4_font=&#8221;Roboto||||||||&#8221; custom_margin=&#8221;||0px||false|false&#8221; custom_padding=&#8221;||0px||false|false&#8221; locked=&#8221;off&#8221; global_colors_info=&#8221;{}&#8221;]<\/p>\n<h2 style=\"text-align: center;\"><strong>BUSINESS OBJECTIVE<\/strong><\/h2>\n<p>[\/et_pb_text][\/et_pb_column][\/et_pb_row][et_pb_row _builder_version=&#8221;4.23.1&#8243; _module_preset=&#8221;default&#8221; width=&#8221;50%&#8221; width_tablet=&#8221;85%&#8221; width_phone=&#8221;85%&#8221; width_last_edited=&#8221;on|desktop&#8221; custom_margin=&#8221;30px||0px||false|false&#8221; custom_padding=&#8221;0px||0px||false|false&#8221; global_colors_info=&#8221;{}&#8221;][et_pb_column type=&#8221;4_4&#8243; module_class=&#8221;vertical-align&#8221; _builder_version=&#8221;4.23.1&#8243; _module_preset=&#8221;default&#8221; global_colors_info=&#8221;{}&#8221;][et_pb_text _builder_version=&#8221;4.23.1&#8243; _module_preset=&#8221;default&#8221; text_font=&#8221;Roboto|300|||||||&#8221; header_4_font=&#8221;Roboto||||||||&#8221; custom_margin=&#8221;||0px||false|false&#8221; custom_padding=&#8221;||0px||false|false&#8221; locked=&#8221;off&#8221; global_colors_info=&#8221;{}&#8221;]<\/p>\n<p style=\"text-align: center;\">Our client had a new early-stage asset in interstitial lung disease (ILD). There was a need to uncover the current market landscape, including pain points and emotional impact on both patients and HCPs. \u200b<\/p>\n<p style=\"text-align: center;\">Positioning concepts in development need to pivot to leverage upon current pain points to ensure the new product can make a difference in the ILD landscape once launched. \u200b<\/p>\n<p style=\"text-align: center;\">There was a need to collaborate and refine the positioning concepts through exploratory research and then subsequent testing, to determine which positionings are likely to resonate best with key stakeholders in the ILD space.<\/p>\n<p>[\/et_pb_text][\/et_pb_column][\/et_pb_row][\/et_pb_section][et_pb_section fb_built=&#8221;1&#8243; custom_padding_last_edited=&#8221;on|phone&#8221; prev_background_color=&#8221;rgba(237,178,46,0.15)&#8221; next_background_color=&#8221;#3d86ae&#8221; _builder_version=&#8221;4.23.1&#8243; _module_preset=&#8221;default&#8221; width=&#8221;100%&#8221; custom_padding=&#8221;150px||150px||true|false&#8221; custom_padding_tablet=&#8221;140px||140px||true|false&#8221; custom_padding_phone=&#8221;140px||140px||true|false&#8221; top_divider_style=&#8221;curve&#8221; top_divider_height_tablet=&#8221;38px&#8221; top_divider_height_phone=&#8221;25px&#8221; top_divider_height_last_edited=&#8221;on|desktop&#8221; bottom_divider_style=&#8221;curve&#8221; bottom_divider_flip=&#8221;vertical&#8221; bottom_divider_height_tablet=&#8221;38px&#8221; bottom_divider_height_phone=&#8221;25px&#8221; bottom_divider_height_last_edited=&#8221;on|tablet&#8221; background_enable_image_tablet=&#8221;off&#8221; global_colors_info=&#8221;{}&#8221;][et_pb_row column_structure=&#8221;3_5,2_5&#8243; make_equal=&#8221;on&#8221; _builder_version=&#8221;4.23.1&#8243; _module_preset=&#8221;default&#8221; custom_padding=&#8221;0px||0px|||&#8221; global_colors_info=&#8221;{}&#8221;][et_pb_column type=&#8221;3_5&#8243; module_class=&#8221;vertical-align&#8221; _builder_version=&#8221;4.23.1&#8243; _module_preset=&#8221;default&#8221; global_colors_info=&#8221;{}&#8221;][et_pb_text module_class=&#8221;vertical-align&#8221; _builder_version=&#8221;4.23.1&#8243; _module_preset=&#8221;default&#8221; header_2_font_size=&#8221;40px&#8221; header_3_font_size=&#8221;40px&#8221; header_3_line_height=&#8221;1.2em&#8221; custom_margin=&#8221;||0px||false|false&#8221; locked=&#8221;off&#8221; global_colors_info=&#8221;{}&#8221;]<\/p>\n<h3 style=\"text-align: left;\"><strong>OUR APPROACH<\/strong><\/h3>\n<p>[\/et_pb_text][et_pb_text _builder_version=&#8221;4.23.1&#8243; _module_preset=&#8221;default&#8221; text_font=&#8221;Roboto|300|||||||&#8221; custom_margin=&#8221;10px||0px||false|false&#8221; custom_padding=&#8221;||0px||false|false&#8221; locked=&#8221;off&#8221; global_colors_info=&#8221;{}&#8221;]<\/p>\n<p>Across US, DE, FR, JP, CN, we interviewed all key stakeholder groups in the ILD space:\u200b<\/p>\n<p>Phase 1:\u200b KEE and HCP interviews to understand the treatment and management landscape in ILD, including rational and emotional pain points.\u200b<\/p>\n<p>Patient interviews to understand the lived experience with ILD, and rational and emotional pain points experienced by patients with limited treatment options\u200b.<\/p>\n<p>Phase 2:\u200b Testing of six refined positioning concepts with both HCPs and patients against key criteria (barriers, differentiation, clinical need) to select final positionings to move forward with.<\/p>\n<p>[\/et_pb_text][\/et_pb_column][et_pb_column type=&#8221;2_5&#8243; module_class=&#8221;vertical-align&#8221; _builder_version=&#8221;4.23.1&#8243; _module_preset=&#8221;default&#8221; global_colors_info=&#8221;{}&#8221;][et_pb_image src=&#8221;https:\/\/branding-science.com\/wp-content\/uploads\/2024\/01\/solution.png&#8221; title_text=&#8221;solution&#8221; align=&#8221;center&#8221; _builder_version=&#8221;4.23.1&#8243; _module_preset=&#8221;default&#8221; global_colors_info=&#8221;{}&#8221;][\/et_pb_image][\/et_pb_column][\/et_pb_row][\/et_pb_section][et_pb_section fb_built=&#8221;1&#8243; _builder_version=&#8221;4.23.1&#8243; _module_preset=&#8221;default&#8221; background_color=&#8221;#3d86ae&#8221; background_image=&#8221;https:\/\/branding-science.com\/wp-content\/uploads\/2024\/01\/ILD-lanscape-image.png&#8221; background_size=&#8221;custom&#8221; background_image_width=&#8221;30%&#8221; background_position=&#8221;center_left&#8221; custom_padding=&#8221;20px||100px||false|false&#8221; background_last_edited=&#8221;on|tablet&#8221; background_enable_image_tablet=&#8221;off&#8221; global_colors_info=&#8221;{}&#8221;][et_pb_row _builder_version=&#8221;4.23.1&#8243; _module_preset=&#8221;default&#8221; custom_margin=&#8221;1px|auto||auto||&#8221; custom_padding=&#8221;0px||0px|||&#8221; locked=&#8221;off&#8221; global_colors_info=&#8221;{}&#8221;][et_pb_column type=&#8221;4_4&#8243; _builder_version=&#8221;4.23.1&#8243; _module_preset=&#8221;default&#8221; global_colors_info=&#8221;{}&#8221;][et_pb_text _builder_version=&#8221;4.23.1&#8243; _module_preset=&#8221;default&#8221; header_text_color=&#8221;#FFFFFF&#8221; header_font_size=&#8221;36px&#8221; header_3_text_color=&#8221;#FFFFFF&#8221; header_3_font_size=&#8221;40px&#8221; header_3_line_height=&#8221;1.2em&#8221; background_image=&#8221;https:\/\/branding-science.com\/wp-content\/uploads\/2024\/01\/Solution-line.png&#8221; background_size=&#8221;custom&#8221; background_image_width=&#8221;0%&#8221; custom_margin=&#8221;0px||0px||true|false&#8221; custom_padding=&#8221;0px||0px||true|false&#8221; background_last_edited=&#8221;on|phone&#8221; background_enable_image_phone=&#8221;off&#8221; border_color_bottom=&#8221;gcid-29b9e2e3-f35b-4413-98fd-2b471f83c748&#8243; border_width_bottom_tablet=&#8221;0px&#8221; border_width_bottom_phone=&#8221;2px&#8221; border_width_bottom_last_edited=&#8221;on|desktop&#8221; locked=&#8221;off&#8221; global_colors_info=&#8221;{%22gcid-29b9e2e3-f35b-4413-98fd-2b471f83c748%22:%91%22border_color_bottom%22%93}&#8221;]<\/p>\n<h3 style=\"text-align: center;\"><strong>INSPIRATIONAL<\/strong><\/h3>\n<h3 style=\"text-align: center;\"><strong>OUTPUTS<\/strong><\/h3>\n<p>[\/et_pb_text][\/et_pb_column][\/et_pb_row][et_pb_row column_structure=&#8221;1_2,1_2&#8243; _builder_version=&#8221;4.23.1&#8243; _module_preset=&#8221;default&#8221; custom_margin=&#8221;0px||0px||true|false&#8221; custom_padding=&#8221;30px||30px||true|false&#8221; global_colors_info=&#8221;{}&#8221;][et_pb_column type=&#8221;1_2&#8243; _builder_version=&#8221;4.23.1&#8243; _module_preset=&#8221;default&#8221; global_colors_info=&#8221;{}&#8221;][\/et_pb_column][et_pb_column type=&#8221;1_2&#8243; _builder_version=&#8221;4.23.1&#8243; _module_preset=&#8221;default&#8221; global_colors_info=&#8221;{}&#8221;][et_pb_text _builder_version=&#8221;4.23.1&#8243; _module_preset=&#8221;default&#8221; text_font=&#8221;|300|||||||&#8221; text_text_color=&#8221;#FFFFFF&#8221; text_font_size=&#8221;22px&#8221; text_line_height=&#8221;1.2em&#8221; header_font=&#8221;|300|||||||&#8221; header_text_color=&#8221;#FFFFFF&#8221; custom_margin=&#8221;30px||||false|false&#8221; global_colors_info=&#8221;{}&#8221;]<\/p>\n<p style=\"text-align: left;\"><strong>Insights placed in a storylined report and subsequent workshop for each phase of research, to ensure the findings from the research are utilised and integrated into the refined positioning concepts moving forward.\u00a0 \u200b<\/strong><\/p>\n<p>[\/et_pb_text][et_pb_text _builder_version=&#8221;4.23.1&#8243; _module_preset=&#8221;default&#8221; text_font=&#8221;|300|||||||&#8221; text_text_color=&#8221;#FFFFFF&#8221; text_font_size=&#8221;22px&#8221; text_line_height=&#8221;1.2em&#8221; header_font=&#8221;|300|||||||&#8221; header_text_color=&#8221;#FFFFFF&#8221; custom_margin=&#8221;30px||||false|false&#8221; global_colors_info=&#8221;{}&#8221;]<\/p>\n<p style=\"text-align: left;\">Phase 1 findings highlighted the extent to which the emotional burden of ILD is heightened by social stigma, combined with the deterioration of their physical condition, and treatment side effects ultimately mean the patient\u2019s world gets smaller and smaller. HCPs and patients highlighted QoL as a key goal for future treatments.\u200b<\/p>\n<p>Testing of the TPP and positionings provided clear direction on what elements of the highest performing positionings would be best to take forward for further refinement.<\/p>\n<p>[\/et_pb_text][et_pb_button button_url=&#8221;https:\/\/branding-science.com\/case-studies\/#casestudies&#8221; button_text=&#8221;Back to Case studies&#8221; button_alignment=&#8221;left&#8221; button_alignment_tablet=&#8221;center&#8221; button_alignment_phone=&#8221;center&#8221; button_alignment_last_edited=&#8221;off|desktop&#8221; _builder_version=&#8221;4.23.1&#8243; _module_preset=&#8221;default&#8221; custom_button=&#8221;on&#8221; button_bg_color=&#8221;gcid-95ed835f-e124-434c-bc27-0e9419651d63&#8243; button_border_width=&#8221;0px&#8221; button_border_radius=&#8221;12px&#8221; background_layout=&#8221;dark&#8221; hover_enabled=&#8221;0&#8243; global_colors_info=&#8221;{%22gcid-95ed835f-e124-434c-bc27-0e9419651d63%22:%91%22button_bg_color%22%93}&#8221; sticky_enabled=&#8221;0&#8243;][\/et_pb_button][\/et_pb_column][\/et_pb_row][\/et_pb_section]<\/p>\n","protected":false},"excerpt":{"rendered":"<p>Case study &#8211; Patient journeyUNCOVERING THE ILD LANDSCAPEBUSINESS OBJECTIVEOur client had a new early-stage asset in interstitial lung disease (ILD). There was a need to uncover the current market landscape, including pain points and emotional impact on both patients and HCPs. \u200b Positioning concepts in development need to pivot to leverage upon current pain points [&hellip;]<\/p>\n","protected":false},"author":1,"featured_media":0,"parent":0,"menu_order":0,"comment_status":"closed","ping_status":"closed","template":"","meta":{"_et_pb_use_builder":"on","_et_pb_old_content":"","_et_gb_content_width":"","footnotes":""},"class_list":["post-987509742","page","type-page","status-publish","hentry"],"yoast_head":"<!-- This site is optimized with the Yoast SEO plugin v27.3 - https:\/\/yoast.com\/product\/yoast-seo-wordpress\/ -->\n<title>case study Uncovering the ILD landscape - Branding Science<\/title>\n<meta name=\"description\" content=\"The pharmaceutical industry is facing a crisis. We believe that gaining a deeper understanding of the clinical trial experience can solve it.\" \/>\n<meta name=\"robots\" content=\"index, follow, max-snippet:-1, max-image-preview:large, max-video-preview:-1\" \/>\n<link rel=\"canonical\" href=\"https:\/\/branding-science.com\/fr\/etude-de-cas-decouvrir-le-paysage-des-ild\/\" \/>\n<meta property=\"og:locale\" content=\"fr_FR\" \/>\n<meta property=\"og:type\" content=\"article\" \/>\n<meta property=\"og:title\" content=\"case study Uncovering the ILD landscape - Branding Science\" \/>\n<meta property=\"og:description\" content=\"The pharmaceutical industry is facing a crisis. We believe that gaining a deeper understanding of the clinical trial experience can solve it.\" \/>\n<meta property=\"og:url\" content=\"https:\/\/branding-science.com\/fr\/etude-de-cas-decouvrir-le-paysage-des-ild\/\" \/>\n<meta property=\"og:site_name\" content=\"Branding Science\" \/>\n<meta property=\"article:modified_time\" content=\"2024-01-22T14:58:53+00:00\" \/>\n<meta name=\"twitter:card\" content=\"summary_large_image\" \/>\n<meta name=\"twitter:label1\" content=\"Est. reading time\" \/>\n\t<meta name=\"twitter:data1\" content=\"3 minutes\" \/>\n<script type=\"application\/ld+json\" class=\"yoast-schema-graph\">{\"@context\":\"https:\\\/\\\/schema.org\",\"@graph\":[{\"@type\":\"WebPage\",\"@id\":\"https:\\\/\\\/branding-science.com\\\/case-study-uncovering-the-ild-landscape\\\/\",\"url\":\"https:\\\/\\\/branding-science.com\\\/case-study-uncovering-the-ild-landscape\\\/\",\"name\":\"case study Uncovering the ILD landscape - Branding Science\",\"isPartOf\":{\"@id\":\"https:\\\/\\\/branding-science.com\\\/#website\"},\"datePublished\":\"2024-01-19T14:53:42+00:00\",\"dateModified\":\"2024-01-22T14:58:53+00:00\",\"description\":\"The pharmaceutical industry is facing a crisis. We believe that gaining a deeper understanding of the clinical trial experience can solve it.\",\"breadcrumb\":{\"@id\":\"https:\\\/\\\/branding-science.com\\\/case-study-uncovering-the-ild-landscape\\\/#breadcrumb\"},\"inLanguage\":\"fr-FR\",\"potentialAction\":[{\"@type\":\"ReadAction\",\"target\":[\"https:\\\/\\\/branding-science.com\\\/case-study-uncovering-the-ild-landscape\\\/\"]}]},{\"@type\":\"BreadcrumbList\",\"@id\":\"https:\\\/\\\/branding-science.com\\\/case-study-uncovering-the-ild-landscape\\\/#breadcrumb\",\"itemListElement\":[{\"@type\":\"ListItem\",\"position\":1,\"name\":\"Home\",\"item\":\"https:\\\/\\\/branding-science.com\\\/\"},{\"@type\":\"ListItem\",\"position\":2,\"name\":\"case study Uncovering the ILD landscape\"}]},{\"@type\":\"WebSite\",\"@id\":\"https:\\\/\\\/branding-science.com\\\/#website\",\"url\":\"https:\\\/\\\/branding-science.com\\\/\",\"name\":\"Branding Science\",\"description\":\"Your SUPER-powered WP Engine Site\",\"potentialAction\":[{\"@type\":\"SearchAction\",\"target\":{\"@type\":\"EntryPoint\",\"urlTemplate\":\"https:\\\/\\\/branding-science.com\\\/?s={search_term_string}\"},\"query-input\":{\"@type\":\"PropertyValueSpecification\",\"valueRequired\":true,\"valueName\":\"search_term_string\"}}],\"inLanguage\":\"fr-FR\"}]}<\/script>\n<!-- \/ Yoast SEO plugin. -->","yoast_head_json":{"title":"\u00e9tude de cas D\u00e9couvrir le paysage des ILD - Branding Science","description":"L'industrie pharmaceutique est confront\u00e9e \u00e0 une crise. Nous pensons qu'une meilleure compr\u00e9hension de l'exp\u00e9rience des essais cliniques peut la r\u00e9soudre.","robots":{"index":"index","follow":"follow","max-snippet":"max-snippet:-1","max-image-preview":"max-image-preview:large","max-video-preview":"max-video-preview:-1"},"canonical":"https:\/\/branding-science.com\/fr\/etude-de-cas-decouvrir-le-paysage-des-ild\/","og_locale":"fr_FR","og_type":"article","og_title":"case study Uncovering the ILD landscape - Branding Science","og_description":"The pharmaceutical industry is facing a crisis. We believe that gaining a deeper understanding of the clinical trial experience can solve it.","og_url":"https:\/\/branding-science.com\/fr\/etude-de-cas-decouvrir-le-paysage-des-ild\/","og_site_name":"Branding Science","article_modified_time":"2024-01-22T14:58:53+00:00","twitter_card":"summary_large_image","twitter_misc":{"Est. reading time":"3 minutes"},"schema":{"@context":"https:\/\/schema.org","@graph":[{"@type":"WebPage","@id":"https:\/\/branding-science.com\/case-study-uncovering-the-ild-landscape\/","url":"https:\/\/branding-science.com\/case-study-uncovering-the-ild-landscape\/","name":"\u00e9tude de cas D\u00e9couvrir le paysage des ILD - Branding Science","isPartOf":{"@id":"https:\/\/branding-science.com\/#website"},"datePublished":"2024-01-19T14:53:42+00:00","dateModified":"2024-01-22T14:58:53+00:00","description":"L'industrie pharmaceutique est confront\u00e9e \u00e0 une crise. Nous pensons qu'une meilleure compr\u00e9hension de l'exp\u00e9rience des essais cliniques peut la r\u00e9soudre.","breadcrumb":{"@id":"https:\/\/branding-science.com\/case-study-uncovering-the-ild-landscape\/#breadcrumb"},"inLanguage":"fr-FR","potentialAction":[{"@type":"ReadAction","target":["https:\/\/branding-science.com\/case-study-uncovering-the-ild-landscape\/"]}]},{"@type":"BreadcrumbList","@id":"https:\/\/branding-science.com\/case-study-uncovering-the-ild-landscape\/#breadcrumb","itemListElement":[{"@type":"ListItem","position":1,"name":"Home","item":"https:\/\/branding-science.com\/"},{"@type":"ListItem","position":2,"name":"case study Uncovering the ILD landscape"}]},{"@type":"WebSite","@id":"https:\/\/branding-science.com\/#website","url":"https:\/\/branding-science.com\/","name":"Science de l'image de marque","description":"Votre site WP Engine SUPER-puissant","potentialAction":[{"@type":"SearchAction","target":{"@type":"EntryPoint","urlTemplate":"https:\/\/branding-science.com\/?s={search_term_string}"},"query-input":{"@type":"PropertyValueSpecification","valueRequired":true,"valueName":"search_term_string"}}],"inLanguage":"fr-FR"}]}},"_links":{"self":[{"href":"https:\/\/branding-science.com\/fr\/wp-json\/wp\/v2\/pages\/987509742","targetHints":{"allow":["GET"]}}],"collection":[{"href":"https:\/\/branding-science.com\/fr\/wp-json\/wp\/v2\/pages"}],"about":[{"href":"https:\/\/branding-science.com\/fr\/wp-json\/wp\/v2\/types\/page"}],"author":[{"embeddable":true,"href":"https:\/\/branding-science.com\/fr\/wp-json\/wp\/v2\/users\/1"}],"replies":[{"embeddable":true,"href":"https:\/\/branding-science.com\/fr\/wp-json\/wp\/v2\/comments?post=987509742"}],"version-history":[{"count":9,"href":"https:\/\/branding-science.com\/fr\/wp-json\/wp\/v2\/pages\/987509742\/revisions"}],"predecessor-version":[{"id":987509854,"href":"https:\/\/branding-science.com\/fr\/wp-json\/wp\/v2\/pages\/987509742\/revisions\/987509854"}],"wp:attachment":[{"href":"https:\/\/branding-science.com\/fr\/wp-json\/wp\/v2\/media?parent=987509742"}],"curies":[{"name":"wp","href":"https:\/\/api.w.org\/{rel}","templated":true}]}}