{"id":987509748,"date":"2024-01-19T14:53:14","date_gmt":"2024-01-19T14:53:14","guid":{"rendered":"https:\/\/branding-science.com\/?page_id=987509748"},"modified":"2024-01-22T14:53:21","modified_gmt":"2024-01-22T14:53:21","slug":"etude-de-cas-reduction-de-la-fatigue-liee-aux-deplacements-vers-un-site-dessai","status":"publish","type":"page","link":"https:\/\/branding-science.com\/fr\/etude-de-cas-reduction-de-la-fatigue-liee-aux-deplacements-vers-un-site-dessai\/","title":{"rendered":"\u00c9tude de cas R\u00e9duire la fatigue associ\u00e9e aux d\u00e9placements vers un site d'essai"},"content":{"rendered":"<p>[et_pb_section fb_built=&#8221;1&#8243; custom_padding_last_edited=&#8221;on|phone&#8221; _builder_version=&#8221;4.23.1&#8243; _module_preset=&#8221;default&#8221; background_color=&#8221;#bdd5e4&#8243; background_image=&#8221;https:\/\/branding-science.com\/wp-content\/uploads\/2024\/01\/tiredness-banner-image.png&#8221; background_size=&#8221;custom&#8221; background_image_height=&#8221;55%&#8221; background_position=&#8221;center_right&#8221; custom_margin=&#8221;||||false|false&#8221; custom_padding=&#8221;135px||135px||true|false&#8221; custom_padding_tablet=&#8221;100px||50px||false|false&#8221; custom_padding_phone=&#8221;75px||0px||false|false&#8221; background_color_phone=&#8221;#deebf1&#8243; background_last_edited=&#8221;on|tablet&#8221; background_enable_color_phone=&#8221;on&#8221; background_enable_image_tablet=&#8221;off&#8221; background_enable_image_phone=&#8221;off&#8221; background_size_tablet=&#8221;custom&#8221; background_size_phone=&#8221;initial&#8221; background_image_width_phone=&#8221;100%&#8221; background_image_height_tablet=&#8221;39%&#8221; background_position_tablet=&#8221;bottom_right&#8221; background_position_phone=&#8221;bottom_center&#8221; locked=&#8221;off&#8221; global_colors_info=&#8221;{}&#8221;][et_pb_row column_structure=&#8221;3_5,2_5&#8243; make_equal=&#8221;on&#8221; custom_padding_last_edited=&#8221;on|tablet&#8221; _builder_version=&#8221;4.23.1&#8243; _module_preset=&#8221;default&#8221; custom_margin=&#8221;0px||||false|false&#8221; custom_padding=&#8221;0px||0px||false|false&#8221; custom_padding_tablet=&#8221;0px||0px||false|false&#8221; custom_padding_phone=&#8221;0px||0px||false|false&#8221; global_colors_info=&#8221;{}&#8221;][et_pb_column type=&#8221;3_5&#8243; _builder_version=&#8221;4.23.1&#8243; _module_preset=&#8221;default&#8221; custom_padding=&#8221;|80px|||false|false&#8221; custom_padding_tablet=&#8221;|100px|||false|false&#8221; custom_padding_phone=&#8221;|0px|||false|false&#8221; custom_padding_last_edited=&#8221;on|phone&#8221; global_colors_info=&#8221;{}&#8221;][et_pb_text _builder_version=&#8221;4.23.1&#8243; _module_preset=&#8221;default&#8221; text_font=&#8221;Roboto|300|||||||&#8221; custom_margin=&#8221;10px||0px||false|false&#8221; custom_padding=&#8221;||0px||false|false&#8221; global_colors_info=&#8221;{}&#8221;]<\/p>\n<p>Case study &#8211; Clinical trial experience<\/p>\n<p>[\/et_pb_text][et_pb_text _builder_version=&#8221;4.23.1&#8243; _module_preset=&#8221;default&#8221; header_font_size=&#8221;55px&#8221; header_line_height=&#8221;1.2em&#8221; custom_margin=&#8221;30px||0px||false|false&#8221; custom_padding=&#8221;||0px||false|false&#8221; header_font_size_tablet=&#8221;55px&#8221; header_font_size_phone=&#8221;45px&#8221; header_font_size_last_edited=&#8221;on|phone&#8221; global_colors_info=&#8221;{}&#8221;]<\/p>\n<h1><strong>REDUCING FATIGUE ASSOCIATED WITH TRAVEL TO A TRIAL SITE<\/strong><\/h1>\n<p>[\/et_pb_text][et_pb_divider color=&#8221;#edb22e&#8221; divider_weight=&#8221;3px&#8221; _builder_version=&#8221;4.23.1&#8243; _module_preset=&#8221;default&#8221; custom_margin=&#8221;30px||30px||false|false&#8221; custom_padding=&#8221;||0px||false|false&#8221; global_colors_info=&#8221;{}&#8221;][\/et_pb_divider][et_pb_button button_url=&#8221;@ET-DC@eyJkeW5hbWljIjp0cnVlLCJjb250ZW50IjoicG9zdF9saW5rX3VybF9wYWdlIiwic2V0dGluZ3MiOnsicG9zdF9pZCI6IjE0MiJ9fQ==@&#8221; button_text=&#8221;Read more&#8221; _builder_version=&#8221;4.23.1&#8243; _dynamic_attributes=&#8221;button_url&#8221; _module_preset=&#8221;default&#8221; custom_button=&#8221;on&#8221; button_bg_color=&#8221;gcid-61670f6f-3003-4c14-9a0d-4015191426cd&#8221; button_border_width=&#8221;0px&#8221; button_border_radius=&#8221;12px&#8221; background_layout=&#8221;dark&#8221; locked=&#8221;off&#8221; global_colors_info=&#8221;{%22gcid-61670f6f-3003-4c14-9a0d-4015191426cd%22:%91%22button_bg_color%22%93}&#8221;][\/et_pb_button][\/et_pb_column][et_pb_column type=&#8221;2_5&#8243; module_class=&#8221;vertical-align&#8221; _builder_version=&#8221;4.23.1&#8243; _module_preset=&#8221;default&#8221; global_colors_info=&#8221;{}&#8221;][\/et_pb_column][\/et_pb_row][\/et_pb_section][et_pb_section fb_built=&#8221;1&#8243; custom_padding_last_edited=&#8221;on|phone&#8221; _builder_version=&#8221;4.23.1&#8243; _module_preset=&#8221;default&#8221; background_color=&#8221;rgba(237,178,46,0.15)&#8221; background_enable_image=&#8221;off&#8221; background_size=&#8221;custom&#8221; background_image_width=&#8221;32%&#8221; background_position=&#8221;center_left&#8221; custom_padding=&#8221;100px||30px||false|false&#8221; custom_padding_tablet=&#8221;100px||70px||false|false&#8221; custom_padding_phone=&#8221;75px||75px||false|false&#8221; bottom_divider_style_tablet=&#8221;curve&#8221; bottom_divider_style_phone=&#8221;curve&#8221; bottom_divider_style_last_edited=&#8221;on|tablet&#8221; bottom_divider_height_tablet=&#8221;35px&#8221; bottom_divider_height_phone=&#8221;35px&#8221; bottom_divider_height_last_edited=&#8221;on|tablet&#8221; background_last_edited=&#8221;on|desktop&#8221; background_enable_image_tablet=&#8221;off&#8221; global_colors_info=&#8221;{}&#8221;][et_pb_row _builder_version=&#8221;4.23.1&#8243; _module_preset=&#8221;default&#8221; custom_margin=&#8221;||0px||false|false&#8221; custom_padding=&#8221;0px||0px||false|false&#8221; global_colors_info=&#8221;{}&#8221;][et_pb_column type=&#8221;4_4&#8243; module_class=&#8221;vertical-align&#8221; _builder_version=&#8221;4.23.1&#8243; _module_preset=&#8221;default&#8221; global_colors_info=&#8221;{}&#8221;][et_pb_text _builder_version=&#8221;4.23.1&#8243; _module_preset=&#8221;default&#8221; text_font=&#8221;Roboto|300|||||||&#8221; header_4_font=&#8221;Roboto||||||||&#8221; custom_margin=&#8221;||0px||false|false&#8221; custom_padding=&#8221;||0px||false|false&#8221; locked=&#8221;off&#8221; global_colors_info=&#8221;{}&#8221;]<\/p>\n<h2 style=\"text-align: center;\"><strong>A DEEPER UNDERSTANDING OF THE LIVED EXPERIENCE<\/strong><\/h2>\n<p>[\/et_pb_text][\/et_pb_column][\/et_pb_row][et_pb_row _builder_version=&#8221;4.23.1&#8243; _module_preset=&#8221;default&#8221; width=&#8221;50%&#8221; width_tablet=&#8221;85%&#8221; width_phone=&#8221;85%&#8221; width_last_edited=&#8221;on|desktop&#8221; custom_margin=&#8221;30px||0px||false|false&#8221; custom_padding=&#8221;0px||0px||false|false&#8221; global_colors_info=&#8221;{}&#8221;][et_pb_column type=&#8221;4_4&#8243; module_class=&#8221;vertical-align&#8221; _builder_version=&#8221;4.23.1&#8243; _module_preset=&#8221;default&#8221; global_colors_info=&#8221;{}&#8221;][et_pb_text _builder_version=&#8221;4.23.1&#8243; _module_preset=&#8221;default&#8221; text_font=&#8221;Roboto|300|||||||&#8221; header_4_font=&#8221;Roboto||||||||&#8221; custom_margin=&#8221;||0px||false|false&#8221; custom_padding=&#8221;||0px||false|false&#8221; locked=&#8221;off&#8221; global_colors_info=&#8221;{}&#8221;]<\/p>\n<p style=\"text-align: center;\">Fatigue is a significant part of living with an autoimmune condition. In-depth interviews allowed the trial teams to understand how their protocol would cause this and result in a burdensome experience for patients.<\/p>\n<p>[\/et_pb_text][\/et_pb_column][\/et_pb_row][\/et_pb_section][et_pb_section fb_built=&#8221;1&#8243; custom_padding_last_edited=&#8221;on|phone&#8221; prev_background_color=&#8221;rgba(237,178,46,0.15)&#8221; next_background_color=&#8221;#3d86ae&#8221; _builder_version=&#8221;4.23.1&#8243; _module_preset=&#8221;default&#8221; width=&#8221;100%&#8221; custom_padding=&#8221;150px||150px||true|false&#8221; custom_padding_tablet=&#8221;140px||140px||true|false&#8221; custom_padding_phone=&#8221;140px||140px||true|false&#8221; top_divider_style=&#8221;curve&#8221; top_divider_height_tablet=&#8221;38px&#8221; top_divider_height_phone=&#8221;25px&#8221; top_divider_height_last_edited=&#8221;on|desktop&#8221; bottom_divider_style=&#8221;curve&#8221; bottom_divider_flip=&#8221;vertical&#8221; bottom_divider_height_tablet=&#8221;38px&#8221; bottom_divider_height_phone=&#8221;25px&#8221; bottom_divider_height_last_edited=&#8221;on|tablet&#8221; background_enable_image_tablet=&#8221;off&#8221; global_colors_info=&#8221;{}&#8221;][et_pb_row column_structure=&#8221;3_5,2_5&#8243; make_equal=&#8221;on&#8221; _builder_version=&#8221;4.23.1&#8243; _module_preset=&#8221;default&#8221; custom_padding=&#8221;0px||0px|||&#8221; global_colors_info=&#8221;{}&#8221;][et_pb_column type=&#8221;3_5&#8243; module_class=&#8221;vertical-align&#8221; _builder_version=&#8221;4.23.1&#8243; _module_preset=&#8221;default&#8221; global_colors_info=&#8221;{}&#8221;][et_pb_text module_class=&#8221;vertical-align&#8221; _builder_version=&#8221;4.23.1&#8243; _module_preset=&#8221;default&#8221; header_2_font_size=&#8221;40px&#8221; header_3_font_size=&#8221;40px&#8221; header_3_line_height=&#8221;1.2em&#8221; custom_margin=&#8221;||0px||false|false&#8221; locked=&#8221;off&#8221; global_colors_info=&#8221;{}&#8221;]<\/p>\n<h3 style=\"text-align: left;\"><strong>ENSURING FATIGUE CAUSED BY THE PROTOCOL ISN\u2019T A CONFOUNDING FACTOR<\/strong><\/h3>\n<p>[\/et_pb_text][et_pb_text _builder_version=&#8221;4.23.1&#8243; _module_preset=&#8221;default&#8221; text_font=&#8221;Roboto|300|||||||&#8221; custom_margin=&#8221;10px||0px||false|false&#8221; custom_padding=&#8221;||0px||false|false&#8221; locked=&#8221;off&#8221; global_colors_info=&#8221;{}&#8221;]<\/p>\n<p>The sponsor wanted to be sure that they were measuring a patient\u2019s fatigue caused by the disease as opposed to the fatigue caused by the trial.\u200b<\/p>\n<p>[\/et_pb_text][\/et_pb_column][et_pb_column type=&#8221;2_5&#8243; module_class=&#8221;vertical-align&#8221; _builder_version=&#8221;4.23.1&#8243; _module_preset=&#8221;default&#8221; global_colors_info=&#8221;{}&#8221;][et_pb_image src=&#8221;https:\/\/branding-science.com\/wp-content\/uploads\/2024\/01\/overview-image-1.png&#8221; title_text=&#8221;overview image 1&#8243; _builder_version=&#8221;4.23.1&#8243; _module_preset=&#8221;default&#8221; global_colors_info=&#8221;{}&#8221;][\/et_pb_image][\/et_pb_column][\/et_pb_row][\/et_pb_section][et_pb_section fb_built=&#8221;1&#8243; _builder_version=&#8221;4.23.1&#8243; _module_preset=&#8221;default&#8221; background_color=&#8221;#3d86ae&#8221; background_image=&#8221;https:\/\/branding-science.com\/wp-content\/uploads\/2024\/01\/tiredness-image-2.png&#8221; background_size=&#8221;custom&#8221; background_image_width=&#8221;30%&#8221; background_position=&#8221;center_left&#8221; custom_padding=&#8221;40px||100px||false|false&#8221; background_last_edited=&#8221;on|tablet&#8221; background_enable_image_tablet=&#8221;off&#8221; global_colors_info=&#8221;{}&#8221;][et_pb_row column_structure=&#8221;1_2,1_2&#8243; _builder_version=&#8221;4.23.1&#8243; _module_preset=&#8221;default&#8221; custom_margin=&#8221;0px||0px||true|false&#8221; custom_padding=&#8221;30px||30px||true|false&#8221; global_colors_info=&#8221;{}&#8221;][et_pb_column type=&#8221;1_2&#8243; _builder_version=&#8221;4.23.1&#8243; _module_preset=&#8221;default&#8221; global_colors_info=&#8221;{}&#8221;][\/et_pb_column][et_pb_column type=&#8221;1_2&#8243; _builder_version=&#8221;4.23.1&#8243; _module_preset=&#8221;default&#8221; global_colors_info=&#8221;{}&#8221;][et_pb_text _builder_version=&#8221;4.23.1&#8243; _module_preset=&#8221;default&#8221; header_text_color=&#8221;#FFFFFF&#8221; header_font_size=&#8221;36px&#8221; header_3_text_color=&#8221;#FFFFFF&#8221; header_3_font_size=&#8221;40px&#8221; header_3_line_height=&#8221;1.2em&#8221; background_enable_image=&#8221;off&#8221; background_size=&#8221;custom&#8221; background_image_width=&#8221;0%&#8221; custom_margin=&#8221;0px||0px||true|false&#8221; custom_padding=&#8221;0px||0px||true|false&#8221; background_last_edited=&#8221;on|phone&#8221; background_enable_image_phone=&#8221;off&#8221; border_width_bottom=&#8221;2px&#8221; border_color_bottom=&#8221;gcid-29b9e2e3-f35b-4413-98fd-2b471f83c748&#8243; border_width_bottom_tablet=&#8221;2px&#8221; border_width_bottom_phone=&#8221;2px&#8221; border_width_bottom_last_edited=&#8221;on|phone&#8221; locked=&#8221;off&#8221; global_colors_info=&#8221;{%22gcid-29b9e2e3-f35b-4413-98fd-2b471f83c748%22:%91%22border_color_bottom%22%93}&#8221;]<\/p>\n<h3 style=\"text-align: left;\"><strong>THE SOLUTION IS TO EASE THE<br \/>BURDEN ON TRIAL PARTICIPANTS\u200b<\/strong><\/h3>\n<p>[\/et_pb_text][et_pb_text _builder_version=&#8221;4.23.1&#8243; _module_preset=&#8221;default&#8221; text_font=&#8221;|300|||||||&#8221; text_text_color=&#8221;#FFFFFF&#8221; text_font_size=&#8221;22px&#8221; text_line_height=&#8221;1.2em&#8221; header_font=&#8221;|300|||||||&#8221; header_text_color=&#8221;#FFFFFF&#8221; custom_margin=&#8221;30px||||false|false&#8221; global_colors_info=&#8221;{}&#8221;]<\/p>\n<p style=\"text-align: left;\">Funding for concierge services, and potentially hotel accommodation for those travelling longer distances should be provided to ensure that fatigue as a result of travel didn\u2019t act as a confounding factor in PRO collection.<\/p>\n<p>[\/et_pb_text][et_pb_button button_url=&#8221;https:\/\/branding-science.com\/case-studies\/#casestudies&#8221; button_text=&#8221;Back to Case studies&#8221; button_alignment=&#8221;left&#8221; button_alignment_tablet=&#8221;center&#8221; button_alignment_phone=&#8221;center&#8221; button_alignment_last_edited=&#8221;off|desktop&#8221; _builder_version=&#8221;4.23.1&#8243; _module_preset=&#8221;default&#8221; custom_button=&#8221;on&#8221; button_bg_color=&#8221;gcid-95ed835f-e124-434c-bc27-0e9419651d63&#8243; button_border_width=&#8221;0px&#8221; button_border_radius=&#8221;12px&#8221; background_layout=&#8221;dark&#8221; hover_enabled=&#8221;0&#8243; global_colors_info=&#8221;{%22gcid-95ed835f-e124-434c-bc27-0e9419651d63%22:%91%22button_bg_color%22%93}&#8221; sticky_enabled=&#8221;0&#8243;][\/et_pb_button][\/et_pb_column][\/et_pb_row][\/et_pb_section]<\/p>\n","protected":false},"excerpt":{"rendered":"<p>Case study &#8211; Clinical trial experienceREDUCING FATIGUE ASSOCIATED WITH TRAVEL TO A TRIAL SITEA DEEPER UNDERSTANDING OF THE LIVED EXPERIENCEFatigue is a significant part of living with an autoimmune condition. In-depth interviews allowed the trial teams to understand how their protocol would cause this and result in a burdensome experience for patients.ENSURING FATIGUE CAUSED BY [&hellip;]<\/p>\n","protected":false},"author":1,"featured_media":0,"parent":0,"menu_order":0,"comment_status":"closed","ping_status":"closed","template":"","meta":{"_et_pb_use_builder":"on","_et_pb_old_content":"","_et_gb_content_width":"","footnotes":""},"class_list":["post-987509748","page","type-page","status-publish","hentry"],"yoast_head":"<!-- This site is optimized with the Yoast SEO plugin v27.3 - https:\/\/yoast.com\/product\/yoast-seo-wordpress\/ -->\n<title>case study Reducing fatigue associated with travel to a trial site - Branding Science<\/title>\n<meta name=\"description\" content=\"The pharmaceutical industry is facing a crisis. We believe that gaining a deeper understanding of the clinical trial experience can solve it.\" \/>\n<meta name=\"robots\" content=\"index, follow, max-snippet:-1, max-image-preview:large, max-video-preview:-1\" \/>\n<link rel=\"canonical\" href=\"https:\/\/branding-science.com\/fr\/etude-de-cas-reduction-de-la-fatigue-liee-aux-deplacements-vers-un-site-dessai\/\" \/>\n<meta property=\"og:locale\" content=\"fr_FR\" \/>\n<meta property=\"og:type\" content=\"article\" \/>\n<meta property=\"og:title\" content=\"case study Reducing fatigue associated with travel to a trial site - Branding Science\" \/>\n<meta property=\"og:description\" content=\"The pharmaceutical industry is facing a crisis. We believe that gaining a deeper understanding of the clinical trial experience can solve it.\" \/>\n<meta property=\"og:url\" content=\"https:\/\/branding-science.com\/fr\/etude-de-cas-reduction-de-la-fatigue-liee-aux-deplacements-vers-un-site-dessai\/\" \/>\n<meta property=\"og:site_name\" content=\"Branding Science\" \/>\n<meta property=\"article:modified_time\" content=\"2024-01-22T14:53:21+00:00\" \/>\n<meta name=\"twitter:card\" content=\"summary_large_image\" \/>\n<meta name=\"twitter:label1\" content=\"Est. reading time\" \/>\n\t<meta name=\"twitter:data1\" content=\"3 minutes\" \/>\n<script type=\"application\/ld+json\" class=\"yoast-schema-graph\">{\"@context\":\"https:\\\/\\\/schema.org\",\"@graph\":[{\"@type\":\"WebPage\",\"@id\":\"https:\\\/\\\/branding-science.com\\\/case-study-reducing-fatigue-associated-with-travel-to-a-trial-site\\\/\",\"url\":\"https:\\\/\\\/branding-science.com\\\/case-study-reducing-fatigue-associated-with-travel-to-a-trial-site\\\/\",\"name\":\"case study Reducing fatigue associated with travel to a trial site - Branding Science\",\"isPartOf\":{\"@id\":\"https:\\\/\\\/branding-science.com\\\/#website\"},\"datePublished\":\"2024-01-19T14:53:14+00:00\",\"dateModified\":\"2024-01-22T14:53:21+00:00\",\"description\":\"The pharmaceutical industry is facing a crisis. We believe that gaining a deeper understanding of the clinical trial experience can solve it.\",\"breadcrumb\":{\"@id\":\"https:\\\/\\\/branding-science.com\\\/case-study-reducing-fatigue-associated-with-travel-to-a-trial-site\\\/#breadcrumb\"},\"inLanguage\":\"fr-FR\",\"potentialAction\":[{\"@type\":\"ReadAction\",\"target\":[\"https:\\\/\\\/branding-science.com\\\/case-study-reducing-fatigue-associated-with-travel-to-a-trial-site\\\/\"]}]},{\"@type\":\"BreadcrumbList\",\"@id\":\"https:\\\/\\\/branding-science.com\\\/case-study-reducing-fatigue-associated-with-travel-to-a-trial-site\\\/#breadcrumb\",\"itemListElement\":[{\"@type\":\"ListItem\",\"position\":1,\"name\":\"Home\",\"item\":\"https:\\\/\\\/branding-science.com\\\/\"},{\"@type\":\"ListItem\",\"position\":2,\"name\":\"case study Reducing fatigue associated with travel to a trial site\"}]},{\"@type\":\"WebSite\",\"@id\":\"https:\\\/\\\/branding-science.com\\\/#website\",\"url\":\"https:\\\/\\\/branding-science.com\\\/\",\"name\":\"Branding Science\",\"description\":\"Your SUPER-powered WP Engine Site\",\"potentialAction\":[{\"@type\":\"SearchAction\",\"target\":{\"@type\":\"EntryPoint\",\"urlTemplate\":\"https:\\\/\\\/branding-science.com\\\/?s={search_term_string}\"},\"query-input\":{\"@type\":\"PropertyValueSpecification\",\"valueRequired\":true,\"valueName\":\"search_term_string\"}}],\"inLanguage\":\"fr-FR\"}]}<\/script>\n<!-- \/ Yoast SEO plugin. -->","yoast_head_json":{"title":"\u00c9tude de cas R\u00e9duire la fatigue associ\u00e9e aux d\u00e9placements vers un site d'essai - Branding Science","description":"L'industrie pharmaceutique est confront\u00e9e \u00e0 une crise. Nous pensons qu'une meilleure compr\u00e9hension de l'exp\u00e9rience des essais cliniques peut la r\u00e9soudre.","robots":{"index":"index","follow":"follow","max-snippet":"max-snippet:-1","max-image-preview":"max-image-preview:large","max-video-preview":"max-video-preview:-1"},"canonical":"https:\/\/branding-science.com\/fr\/etude-de-cas-reduction-de-la-fatigue-liee-aux-deplacements-vers-un-site-dessai\/","og_locale":"fr_FR","og_type":"article","og_title":"case study Reducing fatigue associated with travel to a trial site - Branding Science","og_description":"The pharmaceutical industry is facing a crisis. We believe that gaining a deeper understanding of the clinical trial experience can solve it.","og_url":"https:\/\/branding-science.com\/fr\/etude-de-cas-reduction-de-la-fatigue-liee-aux-deplacements-vers-un-site-dessai\/","og_site_name":"Branding Science","article_modified_time":"2024-01-22T14:53:21+00:00","twitter_card":"summary_large_image","twitter_misc":{"Est. reading time":"3 minutes"},"schema":{"@context":"https:\/\/schema.org","@graph":[{"@type":"WebPage","@id":"https:\/\/branding-science.com\/case-study-reducing-fatigue-associated-with-travel-to-a-trial-site\/","url":"https:\/\/branding-science.com\/case-study-reducing-fatigue-associated-with-travel-to-a-trial-site\/","name":"\u00c9tude de cas R\u00e9duire la fatigue associ\u00e9e aux d\u00e9placements vers un site d'essai - Branding Science","isPartOf":{"@id":"https:\/\/branding-science.com\/#website"},"datePublished":"2024-01-19T14:53:14+00:00","dateModified":"2024-01-22T14:53:21+00:00","description":"L'industrie pharmaceutique est confront\u00e9e \u00e0 une crise. Nous pensons qu'une meilleure compr\u00e9hension de l'exp\u00e9rience des essais cliniques peut la r\u00e9soudre.","breadcrumb":{"@id":"https:\/\/branding-science.com\/case-study-reducing-fatigue-associated-with-travel-to-a-trial-site\/#breadcrumb"},"inLanguage":"fr-FR","potentialAction":[{"@type":"ReadAction","target":["https:\/\/branding-science.com\/case-study-reducing-fatigue-associated-with-travel-to-a-trial-site\/"]}]},{"@type":"BreadcrumbList","@id":"https:\/\/branding-science.com\/case-study-reducing-fatigue-associated-with-travel-to-a-trial-site\/#breadcrumb","itemListElement":[{"@type":"ListItem","position":1,"name":"Home","item":"https:\/\/branding-science.com\/"},{"@type":"ListItem","position":2,"name":"case study Reducing fatigue associated with travel to a trial site"}]},{"@type":"WebSite","@id":"https:\/\/branding-science.com\/#website","url":"https:\/\/branding-science.com\/","name":"Science de l'image de marque","description":"Votre site WP Engine SUPER-puissant","potentialAction":[{"@type":"SearchAction","target":{"@type":"EntryPoint","urlTemplate":"https:\/\/branding-science.com\/?s={search_term_string}"},"query-input":{"@type":"PropertyValueSpecification","valueRequired":true,"valueName":"search_term_string"}}],"inLanguage":"fr-FR"}]}},"_links":{"self":[{"href":"https:\/\/branding-science.com\/fr\/wp-json\/wp\/v2\/pages\/987509748","targetHints":{"allow":["GET"]}}],"collection":[{"href":"https:\/\/branding-science.com\/fr\/wp-json\/wp\/v2\/pages"}],"about":[{"href":"https:\/\/branding-science.com\/fr\/wp-json\/wp\/v2\/types\/page"}],"author":[{"embeddable":true,"href":"https:\/\/branding-science.com\/fr\/wp-json\/wp\/v2\/users\/1"}],"replies":[{"embeddable":true,"href":"https:\/\/branding-science.com\/fr\/wp-json\/wp\/v2\/comments?post=987509748"}],"version-history":[{"count":9,"href":"https:\/\/branding-science.com\/fr\/wp-json\/wp\/v2\/pages\/987509748\/revisions"}],"predecessor-version":[{"id":987509851,"href":"https:\/\/branding-science.com\/fr\/wp-json\/wp\/v2\/pages\/987509748\/revisions\/987509851"}],"wp:attachment":[{"href":"https:\/\/branding-science.com\/fr\/wp-json\/wp\/v2\/media?parent=987509748"}],"curies":[{"name":"wp","href":"https:\/\/api.w.org\/{rel}","templated":true}]}}