{"id":987511639,"date":"2025-04-25T08:50:27","date_gmt":"2025-04-25T08:50:27","guid":{"rendered":"https:\/\/branding-science.com\/?page_id=987511639"},"modified":"2025-05-01T14:38:16","modified_gmt":"2025-05-01T14:38:16","slug":"articles","status":"publish","type":"page","link":"https:\/\/branding-science.com\/fr\/articles\/","title":{"rendered":"Articles"},"content":{"rendered":"<p>[et_pb_section fb_built=&#8221;1&#8243; custom_padding_last_edited=&#8221;on|tablet&#8221; _builder_version=&#8221;4.23.1&#8243; _module_preset=&#8221;default&#8221; background_image=&#8221;https:\/\/branding-science.com\/\/wp-content\/uploads\/2023\/11\/Latest_news_banner_2.svg&#8221; background_position=&#8221;bottom_center&#8221; custom_margin=&#8221;||||false|false&#8221; custom_padding=&#8221;150px||150px||true|false&#8221; custom_padding_tablet=&#8221;100px||250px||false|false&#8221; custom_padding_phone=&#8221;75px||0px||false|false&#8221; background_color_tablet=&#8221;gcid-9038a7f3-ee3f-4d61-9801-7c1fd865d42b&#8221; background_color_phone=&#8221;#deebf1&#8243; background_last_edited=&#8221;on|desktop&#8221; background_enable_color_tablet=&#8221;on&#8221; background_enable_color_phone=&#8221;on&#8221; background_enable_image_tablet=&#8221;off&#8221; background_enable_image_phone=&#8221;off&#8221; background_size_phone=&#8221;custom&#8221; background_image_width_phone=&#8221;100%&#8221; background_position_phone=&#8221;bottom_center&#8221; global_colors_info=&#8221;{%22gcid-9038a7f3-ee3f-4d61-9801-7c1fd865d42b%22:%91%22background_color%22%93}&#8221;][et_pb_row custom_padding_last_edited=&#8221;on|phone&#8221; _builder_version=&#8221;4.23.1&#8243; _module_preset=&#8221;default&#8221; custom_margin=&#8221;0px||||false|false&#8221; custom_padding=&#8221;0px||75px||false|false&#8221; custom_padding_tablet=&#8221;0px||0px||false|false&#8221; custom_padding_phone=&#8221;0px||0px||false|false&#8221; global_colors_info=&#8221;{}&#8221;][et_pb_column type=&#8221;4_4&#8243; _builder_version=&#8221;4.23.1&#8243; _module_preset=&#8221;default&#8221; global_colors_info=&#8221;{}&#8221;][et_pb_text _builder_version=&#8221;4.27.0&#8243; _module_preset=&#8221;default&#8221; header_font_size=&#8221;55px&#8221; custom_margin=&#8221;0px||0px||false|false&#8221; custom_padding=&#8221;0px||0px||false|false&#8221; header_font_size_tablet=&#8221;55px&#8221; header_font_size_phone=&#8221;45px&#8221; header_font_size_last_edited=&#8221;on|desktop&#8221; global_colors_info=&#8221;{}&#8221;]<\/p>\n<h1 style=\"text-align: center;\">ARTICLES<\/h1>\n<p>[\/et_pb_text][et_pb_divider color=&#8221;#edb22e&#8221; divider_weight=&#8221;2px&#8221; _builder_version=&#8221;4.23.1&#8243; _module_preset=&#8221;default&#8221; max_width=&#8221;70%&#8221; module_alignment=&#8221;center&#8221; custom_margin=&#8221;10px||10px||false|false&#8221; global_colors_info=&#8221;{}&#8221;][\/et_pb_divider][et_pb_text _builder_version=&#8221;4.27.0&#8243; _module_preset=&#8221;default&#8221; header_2_font=&#8221;Roboto Condensed|300|||||||&#8221; header_2_font_size=&#8221;23px&#8221; header_2_line_height=&#8221;1.2em&#8221; max_width=&#8221;70%&#8221; max_width_tablet=&#8221;85%&#8221; max_width_phone=&#8221;100%&#8221; max_width_last_edited=&#8221;on|desktop&#8221; module_alignment=&#8221;center&#8221; custom_margin=&#8221;0px||0px||false|false&#8221; custom_padding=&#8221;0px||0px||false|false&#8221; global_colors_info=&#8221;{}&#8221;]<\/p>\n<h2 style=\"text-align: center;\">Take a look at our latest articles, providing insight on the latest topics across the pharmaceutical landscape.<\/h2>\n<p>[\/et_pb_text][\/et_pb_column][\/et_pb_row][et_pb_row disabled_on=&#8221;off|off|on&#8221; _builder_version=&#8221;4.23.1&#8243; _module_preset=&#8221;default&#8221; width=&#8221;100%&#8221; max_width=&#8221;2560px&#8221; custom_padding=&#8221;0px||0px|||&#8221; global_colors_info=&#8221;{}&#8221;][et_pb_column type=&#8221;4_4&#8243; _builder_version=&#8221;4.23.1&#8243; _module_preset=&#8221;default&#8221; global_colors_info=&#8221;{}&#8221;][et_pb_image src=&#8221;https:\/\/branding-science.com\/\/wp-content\/uploads\/2023\/11\/Latest_news_banner_Mobile_2.svg&#8221; title_text=&#8221;Latest_news_banner_Mobile_2&#8243; _builder_version=&#8221;4.23.1&#8243; _module_preset=&#8221;default&#8221; global_colors_info=&#8221;{}&#8221;][\/et_pb_image][\/et_pb_column][\/et_pb_row][\/et_pb_section][et_pb_section fb_built=&#8221;1&#8243; _builder_version=&#8221;4.23.1&#8243; _module_preset=&#8221;default&#8221; custom_padding=&#8221;75px||75px||true|&#8221; global_colors_info=&#8221;{}&#8221;][et_pb_row _builder_version=&#8221;4.27.0&#8243; _module_preset=&#8221;default&#8221; custom_padding=&#8221;0px||0px|||&#8221; global_colors_info=&#8221;{}&#8221;][et_pb_column type=&#8221;4_4&#8243; _builder_version=&#8221;4.27.0&#8243; _module_preset=&#8221;default&#8221; global_colors_info=&#8221;{}&#8221;][et_pb_blog fullwidth=&#8221;off&#8221; include_categories=&#8221;18,17&#8243; show_author=&#8221;off&#8221; show_categories=&#8221;off&#8221; module_class=&#8221;et_blog_grid_equal_height&#8221; _builder_version=&#8221;4.27.0&#8243; _module_preset=&#8221;default&#8221; body_font=&#8221;|300|||||||&#8221; hover_enabled=&#8221;0&#8243; border_radii=&#8221;on|10px|10px|10px|10px&#8221; border_radii_image=&#8221;on|10px|10px|10px|10px&#8221; box_shadow_style=&#8221;preset1&#8243; global_colors_info=&#8221;{}&#8221; sticky_enabled=&#8221;0&#8243;][\/et_pb_blog][\/et_pb_column][\/et_pb_row][\/et_pb_section]<\/p>\n","protected":false},"excerpt":{"rendered":"<p>ARTICLESPrenez connaissance de nos derniers articles, qui donnent un aper\u00e7u des sujets les plus r\u00e9cents dans le paysage pharmaceutique.<\/p>","protected":false},"author":1,"featured_media":0,"parent":0,"menu_order":0,"comment_status":"closed","ping_status":"closed","template":"","meta":{"_et_pb_use_builder":"on","_et_pb_old_content":"","_et_gb_content_width":"","footnotes":""},"class_list":["post-987511639","page","type-page","status-publish","hentry"],"yoast_head":"<!-- This site is optimized with the Yoast SEO plugin v27.3 - https:\/\/yoast.com\/product\/yoast-seo-wordpress\/ -->\n<title>Articles - Branding Science<\/title>\n<meta name=\"description\" content=\"Take a look at our latest articles, providing insight on the latest topics across the pharmaceutical landscape.\" \/>\n<meta name=\"robots\" content=\"index, follow, max-snippet:-1, max-image-preview:large, max-video-preview:-1\" \/>\n<link rel=\"canonical\" href=\"https:\/\/branding-science.com\/fr\/articles\/\" \/>\n<meta property=\"og:locale\" content=\"fr_FR\" \/>\n<meta property=\"og:type\" content=\"article\" \/>\n<meta property=\"og:title\" content=\"Articles - Branding Science\" \/>\n<meta property=\"og:description\" content=\"Take a look at our latest articles, providing insight on the latest topics across the pharmaceutical landscape.\" \/>\n<meta property=\"og:url\" content=\"https:\/\/branding-science.com\/fr\/articles\/\" \/>\n<meta property=\"og:site_name\" content=\"Branding Science\" \/>\n<meta property=\"article:modified_time\" content=\"2025-05-01T14:38:16+00:00\" \/>\n<meta name=\"twitter:card\" content=\"summary_large_image\" \/>\n<meta name=\"twitter:label1\" content=\"Est. reading time\" \/>\n\t<meta name=\"twitter:data1\" content=\"5 minutes\" \/>\n<script type=\"application\/ld+json\" class=\"yoast-schema-graph\">{\"@context\":\"https:\\\/\\\/schema.org\",\"@graph\":[{\"@type\":\"WebPage\",\"@id\":\"https:\\\/\\\/branding-science.com\\\/articles\\\/\",\"url\":\"https:\\\/\\\/branding-science.com\\\/articles\\\/\",\"name\":\"Articles - Branding Science\",\"isPartOf\":{\"@id\":\"https:\\\/\\\/branding-science.com\\\/#website\"},\"datePublished\":\"2025-04-25T08:50:27+00:00\",\"dateModified\":\"2025-05-01T14:38:16+00:00\",\"description\":\"Take a look at our latest articles, providing insight on the latest topics across the pharmaceutical landscape.\",\"breadcrumb\":{\"@id\":\"https:\\\/\\\/branding-science.com\\\/articles\\\/#breadcrumb\"},\"inLanguage\":\"fr-FR\",\"potentialAction\":[{\"@type\":\"ReadAction\",\"target\":[\"https:\\\/\\\/branding-science.com\\\/articles\\\/\"]}]},{\"@type\":\"BreadcrumbList\",\"@id\":\"https:\\\/\\\/branding-science.com\\\/articles\\\/#breadcrumb\",\"itemListElement\":[{\"@type\":\"ListItem\",\"position\":1,\"name\":\"Home\",\"item\":\"https:\\\/\\\/branding-science.com\\\/\"},{\"@type\":\"ListItem\",\"position\":2,\"name\":\"Articles\"}]},{\"@type\":\"WebSite\",\"@id\":\"https:\\\/\\\/branding-science.com\\\/#website\",\"url\":\"https:\\\/\\\/branding-science.com\\\/\",\"name\":\"Branding Science\",\"description\":\"Your SUPER-powered WP Engine Site\",\"potentialAction\":[{\"@type\":\"SearchAction\",\"target\":{\"@type\":\"EntryPoint\",\"urlTemplate\":\"https:\\\/\\\/branding-science.com\\\/?s={search_term_string}\"},\"query-input\":{\"@type\":\"PropertyValueSpecification\",\"valueRequired\":true,\"valueName\":\"search_term_string\"}}],\"inLanguage\":\"fr-FR\"}]}<\/script>\n<!-- \/ Yoast SEO plugin. -->","yoast_head_json":{"title":"Articles - Science de l'image de marque","description":"Jetez un coup d'\u0153il \u00e0 nos derniers articles, qui donnent un aper\u00e7u des sujets les plus r\u00e9cents dans le paysage pharmaceutique.","robots":{"index":"index","follow":"follow","max-snippet":"max-snippet:-1","max-image-preview":"max-image-preview:large","max-video-preview":"max-video-preview:-1"},"canonical":"https:\/\/branding-science.com\/fr\/articles\/","og_locale":"fr_FR","og_type":"article","og_title":"Articles - Branding Science","og_description":"Take a look at our latest articles, providing insight on the latest topics across the pharmaceutical landscape.","og_url":"https:\/\/branding-science.com\/fr\/articles\/","og_site_name":"Branding Science","article_modified_time":"2025-05-01T14:38:16+00:00","twitter_card":"summary_large_image","twitter_misc":{"Est. reading time":"5 minutes"},"schema":{"@context":"https:\/\/schema.org","@graph":[{"@type":"WebPage","@id":"https:\/\/branding-science.com\/articles\/","url":"https:\/\/branding-science.com\/articles\/","name":"Articles - Science de l'image de marque","isPartOf":{"@id":"https:\/\/branding-science.com\/#website"},"datePublished":"2025-04-25T08:50:27+00:00","dateModified":"2025-05-01T14:38:16+00:00","description":"Jetez un coup d'\u0153il \u00e0 nos derniers articles, qui donnent un aper\u00e7u des sujets les plus r\u00e9cents dans le paysage pharmaceutique.","breadcrumb":{"@id":"https:\/\/branding-science.com\/articles\/#breadcrumb"},"inLanguage":"fr-FR","potentialAction":[{"@type":"ReadAction","target":["https:\/\/branding-science.com\/articles\/"]}]},{"@type":"BreadcrumbList","@id":"https:\/\/branding-science.com\/articles\/#breadcrumb","itemListElement":[{"@type":"ListItem","position":1,"name":"Home","item":"https:\/\/branding-science.com\/"},{"@type":"ListItem","position":2,"name":"Articles"}]},{"@type":"WebSite","@id":"https:\/\/branding-science.com\/#website","url":"https:\/\/branding-science.com\/","name":"Science de l'image de marque","description":"Votre site WP Engine SUPER-puissant","potentialAction":[{"@type":"SearchAction","target":{"@type":"EntryPoint","urlTemplate":"https:\/\/branding-science.com\/?s={search_term_string}"},"query-input":{"@type":"PropertyValueSpecification","valueRequired":true,"valueName":"search_term_string"}}],"inLanguage":"fr-FR"}]}},"_links":{"self":[{"href":"https:\/\/branding-science.com\/fr\/wp-json\/wp\/v2\/pages\/987511639","targetHints":{"allow":["GET"]}}],"collection":[{"href":"https:\/\/branding-science.com\/fr\/wp-json\/wp\/v2\/pages"}],"about":[{"href":"https:\/\/branding-science.com\/fr\/wp-json\/wp\/v2\/types\/page"}],"author":[{"embeddable":true,"href":"https:\/\/branding-science.com\/fr\/wp-json\/wp\/v2\/users\/1"}],"replies":[{"embeddable":true,"href":"https:\/\/branding-science.com\/fr\/wp-json\/wp\/v2\/comments?post=987511639"}],"version-history":[{"count":4,"href":"https:\/\/branding-science.com\/fr\/wp-json\/wp\/v2\/pages\/987511639\/revisions"}],"predecessor-version":[{"id":987511680,"href":"https:\/\/branding-science.com\/fr\/wp-json\/wp\/v2\/pages\/987511639\/revisions\/987511680"}],"wp:attachment":[{"href":"https:\/\/branding-science.com\/fr\/wp-json\/wp\/v2\/media?parent=987511639"}],"curies":[{"name":"wp","href":"https:\/\/api.w.org\/{rel}","templated":true}]}}